{"id":542,"date":"2025-06-12T20:34:55","date_gmt":"2025-06-12T20:34:55","guid":{"rendered":"https:\/\/gobiernoescolar.colegiolossamanes.edu.co\/?page_id=542"},"modified":"2026-02-20T18:28:59","modified_gmt":"2026-02-20T18:28:59","slug":"comite-de-bienestar-estudiantil","status":"publish","type":"page","link":"https:\/\/gobiernoescolar.colegiolossamanes.edu.co\/index.php\/comite-de-bienestar-estudiantil\/","title":{"rendered":"Comit\u00e9 de Bienestar estudiantil"},"content":{"rendered":"\n<h1 class=\"has-text-align-center\"><strong>Comit\u00e9 de Bienestar estudiantil<\/strong><\/h1>\n\n\n\n<p class=\"has-text-align-center\">Los comit\u00e9s son espacios de participaci\u00f3n activa y corresponsabilidad, donde los estudiantes pueden ejercer su derecho a la organizaci\u00f3n y representaci\u00f3n, canalizando sus propuestas, necesidades e inquietudes en beneficio de la comunidad educativa. A trav\u00e9s de estos espacios, se promueve el liderazgo, el trabajo en equipo, el pensamiento cr\u00edtico y el compromiso ciudadano.<\/p>\n\n\n\n<ol type=\"1\"><li><strong>Coordinaci\u00f3n del Comit\u00e9:<\/strong><ol><li>El coordinador de este comit\u00e9, por derecho propio, ser\u00e1 el representante de los estudiantes ante el Consejo Directivo.<\/li><\/ol><ol><li>El subcoordinador ser\u00e1 el Defensor de Paz General, quien ser\u00e1 elegido por consenso en una reuni\u00f3n entre los Defensores de Paz de los distintos cursos.<\/li><\/ol><\/li><li><strong>Funciones del Comit\u00e9 de Bienestar Estudiantil:<\/strong><\/li><\/ol>\n\n\n\n<p>2.1. Dise\u00f1ar y organizar un plan de trabajo peri\u00f3dico, el cual deber\u00e1 incluir la formulaci\u00f3n de proyectos y acciones orientadas a identificar y atender las necesidades de bienestar de los estudiantes.<\/p>\n\n\n\n<p>2.2. Establecer un espacio permanente de recepci\u00f3n de PQRS (Peticiones, Quejas, Recomendaciones y Sugerencias) por parte de los estudiantes, garantizando su adecuado seguimiento y gesti\u00f3n.<\/p>\n\n\n\n<p>2.3. Promover actividades, charlas y\/o estrategias que favorezcan la sana convivencia escolar, fomenten el respeto, el di\u00e1logo y la resoluci\u00f3n pac\u00edfica de los conflictos.<\/p>\n\n\n\n<p>2.4. Realizar jornadas de capacitaci\u00f3n antes, durante y despu\u00e9s del proceso electoral estudiantil, con el fin de concientizar a los estudiantes sobre la importancia del Gobierno Escolar y su participaci\u00f3n activa en el mismo.<\/p>\n\n\n\n<p>2.5. Liderar procesos de pedagog\u00eda sobre el Manual de Convivencia, haciendo \u00e9nfasis en los derechos y deberes de los estudiantes, para fortalecer la apropiaci\u00f3n de las normas institucionales.<\/p>\n\n\n\n<p>2.6. Planear y ejecutar actividades que promuevan la pr\u00e1ctica de los valores samanistas, tales como el respeto, la solidaridad, la honestidad y la responsabilidad, entre otros.<\/p>\n\n\n\n<p>2.7 Trabajar en la integraci\u00f3n de la poblaci\u00f3n de inclusi\u00f3n.<\/p>\n\n\n\n<p><strong>El comit\u00e9 est\u00e1 compuesto por los siguientes estudiantes:<\/strong><\/p>\n\n\n\n<figure class=\"wp-block-table is-style-stripes\"><table><tbody><tr><td class=\"has-text-align-center\" data-align=\"center\"><strong>Cargo<\/strong><\/td><td class=\"has-text-align-center\" data-align=\"center\"><strong>Nombre del Estudiante<\/strong><\/td><\/tr><tr><td class=\"has-text-align-center\" data-align=\"center\"><strong>Coordinador(a)<\/strong><\/td><td class=\"has-text-align-center\" data-align=\"center\"><\/td><\/tr><tr><td class=\"has-text-align-center\" data-align=\"center\"><strong>Sub coordinador(a)<\/strong><\/td><td class=\"has-text-align-center\" data-align=\"center\"><\/td><\/tr><tr><td class=\"has-text-align-center\" data-align=\"center\"><strong>Miembro<\/strong><\/td><td class=\"has-text-align-center\" data-align=\"center\"><\/td><\/tr><tr><td class=\"has-text-align-center\" data-align=\"center\"><strong>Miembro<\/strong><\/td><td class=\"has-text-align-center\" data-align=\"center\"><\/td><\/tr><tr><td class=\"has-text-align-center\" data-align=\"center\"><strong>Miembro<\/strong><\/td><td class=\"has-text-align-center\" data-align=\"center\"><\/td><\/tr><\/tbody><\/table><\/figure>\n","protected":false},"excerpt":{"rendered":"<p>Comit\u00e9 de Bienestar estudiantil Los comit\u00e9s son espacios de participaci\u00f3n activa y corresponsabilidad, donde los estudiantes pueden ejercer su derecho a la organizaci\u00f3n y representaci\u00f3n, canalizando sus propuestas, necesidades e inquietudes en beneficio de la comunidad educativa. A trav\u00e9s de estos espacios, se promueve el liderazgo, el trabajo en equipo, el pensamiento cr\u00edtico y el&#8230;<\/p>\n","protected":false},"author":5,"featured_media":0,"parent":0,"menu_order":0,"comment_status":"closed","ping_status":"closed","template":"","meta":{"_kad_post_transparent":"","_kad_post_title":"","_kad_post_layout":"","_kad_post_sidebar_id":"","_kad_post_content_style":"","_kad_post_vertical_padding":"","_kad_post_feature":"","_kad_post_feature_position":"","_kad_post_header":false,"_kad_post_footer":false},"_links":{"self":[{"href":"https:\/\/gobiernoescolar.colegiolossamanes.edu.co\/index.php\/wp-json\/wp\/v2\/pages\/542"}],"collection":[{"href":"https:\/\/gobiernoescolar.colegiolossamanes.edu.co\/index.php\/wp-json\/wp\/v2\/pages"}],"about":[{"href":"https:\/\/gobiernoescolar.colegiolossamanes.edu.co\/index.php\/wp-json\/wp\/v2\/types\/page"}],"author":[{"embeddable":true,"href":"https:\/\/gobiernoescolar.colegiolossamanes.edu.co\/index.php\/wp-json\/wp\/v2\/users\/5"}],"replies":[{"embeddable":true,"href":"https:\/\/gobiernoescolar.colegiolossamanes.edu.co\/index.php\/wp-json\/wp\/v2\/comments?post=542"}],"version-history":[{"count":3,"href":"https:\/\/gobiernoescolar.colegiolossamanes.edu.co\/index.php\/wp-json\/wp\/v2\/pages\/542\/revisions"}],"predecessor-version":[{"id":597,"href":"https:\/\/gobiernoescolar.colegiolossamanes.edu.co\/index.php\/wp-json\/wp\/v2\/pages\/542\/revisions\/597"}],"wp:attachment":[{"href":"https:\/\/gobiernoescolar.colegiolossamanes.edu.co\/index.php\/wp-json\/wp\/v2\/media?parent=542"}],"curies":[{"name":"wp","href":"https:\/\/api.w.org\/{rel}","templated":true}]}}