{"id":22,"date":"2022-03-06T18:05:04","date_gmt":"2022-03-06T18:05:04","guid":{"rendered":"https:\/\/gobiernoescolar.colegiolossamanes.edu.co\/?page_id=22"},"modified":"2026-03-10T15:36:30","modified_gmt":"2026-03-10T15:36:30","slug":"gobierno-escolar-colegio-los-samanes","status":"publish","type":"page","link":"https:\/\/gobiernoescolar.colegiolossamanes.edu.co\/","title":{"rendered":"Gobierno Escolar Colegio Los Samanes"},"content":{"rendered":"\n<h3 class=\"has-text-align-left has-background\" style=\"background-color:#f0f5ff;font-size:25px;line-height:1.4\">\u2705 Este blog busca motivar en la comunidad educativa una actitud democr\u00e1tica activa, libre, responsable y espont\u00e1nea frente a los diferentes estamentos del Gobierno Escolar.<\/h3>\n\n\n\n<div style=\"height:20px\" aria-hidden=\"true\" class=\"wp-block-spacer\"><\/div>\n\n\n\n<div class=\"wp-block-columns\">\n<div class=\"wp-block-column has-theme-palette-6-color has-text-color has-background\" style=\"background-color:#01a458\">\n<div style=\"height:5px\" aria-hidden=\"true\" class=\"wp-block-spacer\"><\/div>\n\n\n\n<h3 class=\"has-text-align-center has-theme-palette-6-color has-text-color\">ETAPA PRE-ELECTORAL<\/h3>\n\n\n\n<ul><li>Calendario Electoral<\/li><li>Sensibilizaci\u00f3n responsabilidad Social Candidatos<\/li><li>Inscripci\u00f3n de Candidatos<\/li><li>Campa\u00f1a Electoral<\/li><li>Elecci\u00f3n y Capacitaci\u00f3n de Jurados<\/li><li>Elecci\u00f3n y Capacitaci\u00f3n de Testigos Electorales<\/li><li>  Conformaci\u00f3n y Capacitaci\u00f3n del Comit\u00e9 Electoral     <\/li><\/ul>\n\n\n\n<div class=\"wp-container-1 wp-block-buttons\">\n<div class=\"wp-block-button aligncenter\"><a class=\"wp-block-button__link\" href=\"https:\/\/gobiernoescolar.colegiolossamanes.edu.co\/index.php\/2026\/02\/13\/etapa-pre-electoral\/\" target=\"_blank\" rel=\"noreferrer noopener\">Ir a la Secci\u00f3n <\/a><\/div>\n<\/div>\n\n\n\n<div class=\"wp-container-2 wp-block-buttons alignwide\"><\/div>\n\n\n\n<div style=\"height:5px\" aria-hidden=\"true\" class=\"wp-block-spacer\"><\/div>\n<\/div>\n\n\n\n<div class=\"wp-block-column has-theme-palette-6-color has-text-color has-background\" style=\"background-color:#01a458\">\n<div style=\"height:5px\" aria-hidden=\"true\" class=\"wp-block-spacer\"><\/div>\n\n\n\n<h3 class=\"has-text-align-center has-theme-palette-6-color has-text-color\">ETAPA ELECTORAL<\/h3>\n\n\n\n<ul><li><strong> <\/strong>Instalaci\u00f3n de puesto y mesas de votaci\u00f3n<\/li><li>Cierre de Mesas de Votaci\u00f3n<\/li><li>Escrutinio de Mesas de Votaci\u00f3n<\/li><li>Anuncio de Resultados<\/li><li>Traslado y formalizaci\u00f3n de actas y material de escrutinio<\/li><\/ul>\n\n\n\n<div style=\"height:5px\" aria-hidden=\"true\" class=\"wp-block-spacer\"><\/div>\n\n\n\n<div class=\"wp-container-3 wp-block-buttons\">\n<div class=\"wp-block-button aligncenter\"><a class=\"wp-block-button__link\">Ir a la secci\u00f3n <\/a><\/div>\n<\/div>\n<\/div>\n\n\n\n<div class=\"wp-block-column has-theme-palette-6-color has-text-color has-background\" style=\"background-color:#01a458\">\n<div style=\"height:5px\" aria-hidden=\"true\" class=\"wp-block-spacer\"><\/div>\n\n\n\n<h3 class=\"has-text-align-center has-theme-palette-6-color has-text-color\">POST-ELECTORAL<\/h3>\n\n\n\n<ul><li>Escrutinios<\/li><li>Publicaci\u00f3n de Resultados<\/li><li>Ejecuci\u00f3n del  Gobierno Escolar<\/li><li>Rendici\u00f3n de Cuentas<\/li><\/ul>\n\n\n\n<div style=\"height:5px\" aria-hidden=\"true\" class=\"wp-block-spacer\"><\/div>\n<\/div>\n<\/div>\n\n\n\n<hr class=\"wp-block-separator has-text-color has-background is-style-wide\" style=\"background-color:#dde7ff;color:#dde7ff\"\/>\n\n\n\n<div class=\"wp-block-columns\">\n<div class=\"wp-block-column\">\n<figure class=\"wp-block-image size-large\"><img loading=\"lazy\" width=\"1024\" height=\"683\" src=\"https:\/\/gobiernoescolar.colegiolossamanes.edu.co\/wp-content\/uploads\/2026\/03\/Candidatos-1024x683.jpg\" alt=\"\" class=\"wp-image-625\" srcset=\"https:\/\/gobiernoescolar.colegiolossamanes.edu.co\/wp-content\/uploads\/2026\/03\/Candidatos-1024x683.jpg 1024w, https:\/\/gobiernoescolar.colegiolossamanes.edu.co\/wp-content\/uploads\/2026\/03\/Candidatos-300x200.jpg 300w, https:\/\/gobiernoescolar.colegiolossamanes.edu.co\/wp-content\/uploads\/2026\/03\/Candidatos-768x512.jpg 768w, https:\/\/gobiernoescolar.colegiolossamanes.edu.co\/wp-content\/uploads\/2026\/03\/Candidatos-1536x1024.jpg 1536w, https:\/\/gobiernoescolar.colegiolossamanes.edu.co\/wp-content\/uploads\/2026\/03\/Candidatos.jpg 2048w\" sizes=\"(max-width: 1024px) 100vw, 1024px\" \/><\/figure>\n\n\n\n<h2>Personer\u00eda y contralor\u00eda.<\/h2>\n\n\n\n<div class=\"wp-container-4 wp-block-buttons\">\n<div class=\"wp-block-button\"><a class=\"wp-block-button__link\" href=\"https:\/\/gobiernoescolar.colegiolossamanes.edu.co\/index.php\/2024\/09\/13\/personeria\/\" target=\"_blank\" rel=\"noreferrer noopener\">Ir a la secci\u00f3n<\/a><\/div>\n<\/div>\n\n\n\n<div style=\"height:20px\" aria-hidden=\"true\" class=\"wp-block-spacer\"><\/div>\n<\/div>\n\n\n\n<div class=\"wp-block-column\">\n<figure class=\"wp-block-image size-large\"><img loading=\"lazy\" width=\"1024\" height=\"683\" src=\"https:\/\/gobiernoescolar.colegiolossamanes.edu.co\/wp-content\/uploads\/2025\/03\/consejo-estudiantil--1024x683.jpg\" alt=\"\" class=\"wp-image-418\" srcset=\"https:\/\/gobiernoescolar.colegiolossamanes.edu.co\/wp-content\/uploads\/2025\/03\/consejo-estudiantil--1024x683.jpg 1024w, https:\/\/gobiernoescolar.colegiolossamanes.edu.co\/wp-content\/uploads\/2025\/03\/consejo-estudiantil--300x200.jpg 300w, https:\/\/gobiernoescolar.colegiolossamanes.edu.co\/wp-content\/uploads\/2025\/03\/consejo-estudiantil--768x512.jpg 768w, https:\/\/gobiernoescolar.colegiolossamanes.edu.co\/wp-content\/uploads\/2025\/03\/consejo-estudiantil--1536x1024.jpg 1536w, https:\/\/gobiernoescolar.colegiolossamanes.edu.co\/wp-content\/uploads\/2025\/03\/consejo-estudiantil--2048x1365.jpg 2048w\" sizes=\"(max-width: 1024px) 100vw, 1024px\" \/><\/figure>\n\n\n\n<h2>Consejo Estudiantil. <\/h2>\n\n\n\n<div class=\"wp-container-5 wp-block-buttons\">\n<div class=\"wp-block-button\"><a class=\"wp-block-button__link\" href=\"https:\/\/gobiernoescolar.colegiolossamanes.edu.co\/index.php\/2024\/11\/01\/consejo-estudiantil\/\" target=\"_blank\" rel=\"noreferrer noopener\">Ir a la secci\u00f3n<\/a><\/div>\n<\/div>\n\n\n\n<div style=\"height:20px\" aria-hidden=\"true\" class=\"wp-block-spacer\"><\/div>\n<\/div>\n\n\n\n<div class=\"wp-block-column\">\n<figure class=\"wp-block-image size-large\"><img loading=\"lazy\" width=\"1024\" height=\"683\" src=\"https:\/\/gobiernoescolar.colegiolossamanes.edu.co\/wp-content\/uploads\/2024\/11\/consejo-directivo-III-1024x683.jpg\" alt=\"\" class=\"wp-image-340\" srcset=\"https:\/\/gobiernoescolar.colegiolossamanes.edu.co\/wp-content\/uploads\/2024\/11\/consejo-directivo-III-1024x683.jpg 1024w, https:\/\/gobiernoescolar.colegiolossamanes.edu.co\/wp-content\/uploads\/2024\/11\/consejo-directivo-III-300x200.jpg 300w, https:\/\/gobiernoescolar.colegiolossamanes.edu.co\/wp-content\/uploads\/2024\/11\/consejo-directivo-III-768x512.jpg 768w, https:\/\/gobiernoescolar.colegiolossamanes.edu.co\/wp-content\/uploads\/2024\/11\/consejo-directivo-III-1536x1024.jpg 1536w, https:\/\/gobiernoescolar.colegiolossamanes.edu.co\/wp-content\/uploads\/2024\/11\/consejo-directivo-III.jpg 2048w\" sizes=\"(max-width: 1024px) 100vw, 1024px\" \/><\/figure>\n\n\n\n<h2>Consejo Directivo.<\/h2>\n\n\n\n<div class=\"wp-container-6 wp-block-buttons\">\n<div class=\"wp-block-button\"><a class=\"wp-block-button__link\" href=\"https:\/\/gobiernoescolar.colegiolossamanes.edu.co\/index.php\/2024\/11\/06\/consejo-directivo\/\" target=\"_blank\" rel=\"noreferrer noopener\">Ir a la secci\u00f3n<\/a><\/div>\n<\/div>\n\n\n\n<div style=\"height:20px\" aria-hidden=\"true\" class=\"wp-block-spacer\"><\/div>\n<\/div>\n<\/div>\n\n\n\n<div class=\"wp-block-columns\">\n<div class=\"wp-block-column\">\n<figure class=\"wp-block-image size-large is-resized\"><img loading=\"lazy\" src=\"https:\/\/gobiernoescolar.colegiolossamanes.edu.co\/wp-content\/uploads\/2024\/11\/consejo-directivo-II-1024x683.jpg\" alt=\"\" class=\"wp-image-336\" width=\"382\" height=\"254\" srcset=\"https:\/\/gobiernoescolar.colegiolossamanes.edu.co\/wp-content\/uploads\/2024\/11\/consejo-directivo-II-1024x683.jpg 1024w, https:\/\/gobiernoescolar.colegiolossamanes.edu.co\/wp-content\/uploads\/2024\/11\/consejo-directivo-II-300x200.jpg 300w, https:\/\/gobiernoescolar.colegiolossamanes.edu.co\/wp-content\/uploads\/2024\/11\/consejo-directivo-II-768x512.jpg 768w, https:\/\/gobiernoescolar.colegiolossamanes.edu.co\/wp-content\/uploads\/2024\/11\/consejo-directivo-II-1536x1024.jpg 1536w, https:\/\/gobiernoescolar.colegiolossamanes.edu.co\/wp-content\/uploads\/2024\/11\/consejo-directivo-II.jpg 2048w\" sizes=\"(max-width: 382px) 100vw, 382px\" \/><\/figure>\n\n\n\n<h2>Consejo Acad\u00e9mico. <\/h2>\n\n\n\n<div class=\"wp-container-7 wp-block-buttons\">\n<div class=\"wp-block-button\"><a class=\"wp-block-button__link\" href=\"https:\/\/gobiernoescolar.colegiolossamanes.edu.co\/index.php\/2024\/11\/06\/consejo-academico\/\" target=\"_blank\" rel=\"noreferrer noopener\">Ir a la secci\u00f3n<\/a><\/div>\n<\/div>\n\n\n\n<div style=\"height:20px\" aria-hidden=\"true\" class=\"wp-block-spacer\"><\/div>\n<\/div>\n\n\n\n<div class=\"wp-block-column\">\n<figure class=\"wp-block-image size-large\"><img loading=\"lazy\" width=\"1024\" height=\"682\" src=\"https:\/\/gobiernoescolar.colegiolossamanes.edu.co\/wp-content\/uploads\/2025\/06\/rectoria-1024x682.jpg\" alt=\"\" class=\"wp-image-525\" srcset=\"https:\/\/gobiernoescolar.colegiolossamanes.edu.co\/wp-content\/uploads\/2025\/06\/rectoria-1024x682.jpg 1024w, https:\/\/gobiernoescolar.colegiolossamanes.edu.co\/wp-content\/uploads\/2025\/06\/rectoria-300x200.jpg 300w, https:\/\/gobiernoescolar.colegiolossamanes.edu.co\/wp-content\/uploads\/2025\/06\/rectoria-768x511.jpg 768w, https:\/\/gobiernoescolar.colegiolossamanes.edu.co\/wp-content\/uploads\/2025\/06\/rectoria.jpg 1364w\" sizes=\"(max-width: 1024px) 100vw, 1024px\" \/><\/figure>\n\n\n\n<h2>Rector\u00eda <\/h2>\n\n\n\n<div class=\"wp-container-8 wp-block-buttons\">\n<div class=\"wp-block-button\"><a class=\"wp-block-button__link\" href=\"https:\/\/gobiernoescolar.colegiolossamanes.edu.co\/index.php\/2024\/11\/06\/rectoria\/\" target=\"_blank\" rel=\"noreferrer noopener\">Ir a la secci\u00f3n<\/a><\/div>\n<\/div>\n\n\n\n<div style=\"height:20px\" aria-hidden=\"true\" class=\"wp-block-spacer\"><\/div>\n<\/div>\n\n\n\n<div class=\"wp-block-column\">\n<figure class=\"wp-block-image size-large is-resized\"><img loading=\"lazy\" src=\"https:\/\/gobiernoescolar.colegiolossamanes.edu.co\/wp-content\/uploads\/2024\/11\/Asociaccion-de-padres-1024x683.jpg\" alt=\"\" class=\"wp-image-332\" width=\"381\" height=\"253\" srcset=\"https:\/\/gobiernoescolar.colegiolossamanes.edu.co\/wp-content\/uploads\/2024\/11\/Asociaccion-de-padres-1024x683.jpg 1024w, https:\/\/gobiernoescolar.colegiolossamanes.edu.co\/wp-content\/uploads\/2024\/11\/Asociaccion-de-padres-300x200.jpg 300w, https:\/\/gobiernoescolar.colegiolossamanes.edu.co\/wp-content\/uploads\/2024\/11\/Asociaccion-de-padres-768x512.jpg 768w, https:\/\/gobiernoescolar.colegiolossamanes.edu.co\/wp-content\/uploads\/2024\/11\/Asociaccion-de-padres-1536x1024.jpg 1536w, https:\/\/gobiernoescolar.colegiolossamanes.edu.co\/wp-content\/uploads\/2024\/11\/Asociaccion-de-padres.jpg 2048w\" sizes=\"(max-width: 381px) 100vw, 381px\" \/><\/figure>\n\n\n\n<h2>Consejo de Padres.<\/h2>\n\n\n\n<div class=\"wp-container-9 wp-block-buttons\">\n<div class=\"wp-block-button\"><a class=\"wp-block-button__link\" href=\"https:\/\/gobiernoescolar.colegiolossamanes.edu.co\/index.php\/2024\/11\/06\/consejo-de-padres\/\" target=\"_blank\" rel=\"noreferrer noopener\">Ir a la secci\u00f3n<\/a><\/div>\n<\/div>\n\n\n\n<div style=\"height:20px\" aria-hidden=\"true\" class=\"wp-block-spacer\"><\/div>\n<\/div>\n<\/div>\n\n\n\n<figure class=\"wp-block-image size-large is-resized\"><img loading=\"lazy\" src=\"https:\/\/gobiernoescolar.colegiolossamanes.edu.co\/wp-content\/uploads\/2024\/11\/Diapositiva1-1024x576.png\" alt=\"\" class=\"wp-image-381\" width=\"1242\" height=\"699\" srcset=\"https:\/\/gobiernoescolar.colegiolossamanes.edu.co\/wp-content\/uploads\/2024\/11\/Diapositiva1-1024x576.png 1024w, https:\/\/gobiernoescolar.colegiolossamanes.edu.co\/wp-content\/uploads\/2024\/11\/Diapositiva1-300x169.png 300w, https:\/\/gobiernoescolar.colegiolossamanes.edu.co\/wp-content\/uploads\/2024\/11\/Diapositiva1-768x432.png 768w, https:\/\/gobiernoescolar.colegiolossamanes.edu.co\/wp-content\/uploads\/2024\/11\/Diapositiva1.png 1280w\" sizes=\"(max-width: 1242px) 100vw, 1242px\" \/><\/figure>\n\n\n\n<div style=\"height:24px\" aria-hidden=\"true\" class=\"wp-block-spacer\"><\/div>\n\n\n\n<div class=\"wp-block-columns\">\n<div class=\"wp-block-column has-theme-palette-6-color has-theme-palette-3-background-color has-text-color has-background\">\n<div style=\"height:10px\" aria-hidden=\"true\" class=\"wp-block-spacer\"><\/div>\n\n\n\n<h2 class=\"has-text-align-center has-theme-palette-6-color has-text-color\">\ud83d\udcf8 Conoce m\u00e1s del Gobierno Escolar<\/h2>\n\n\n\n<div class=\"wp-container-10 wp-block-buttons\">\n<div class=\"wp-block-button\"><a class=\"wp-block-button__link\" href=\"https:\/\/gobiernoescolar.colegiolossamanes.edu.co\/index.php\/category\/galeria\/\" target=\"_blank\" rel=\"noreferrer noopener\">Visitar galer\u00eda<\/a><\/div>\n<\/div>\n\n\n\n<div style=\"height:10px\" aria-hidden=\"true\" class=\"wp-block-spacer\"><\/div>\n<\/div>\n<\/div>\n\n\n\n<div style=\"height:20px\" aria-hidden=\"true\" class=\"wp-block-spacer\"><\/div>\n","protected":false},"excerpt":{"rendered":"<p>\u2705 Este blog busca motivar en la comunidad educativa una actitud democr\u00e1tica activa, libre, responsable y espont\u00e1nea frente a los diferentes estamentos del Gobierno Escolar. ETAPA PRE-ELECTORAL Calendario Electoral Sensibilizaci\u00f3n responsabilidad Social Candidatos Inscripci\u00f3n de Candidatos Campa\u00f1a Electoral Elecci\u00f3n y Capacitaci\u00f3n de Jurados Elecci\u00f3n y Capacitaci\u00f3n de Testigos Electorales Conformaci\u00f3n y Capacitaci\u00f3n del Comit\u00e9 Electoral&#8230;<\/p>\n","protected":false},"author":1,"featured_media":0,"parent":0,"menu_order":0,"comment_status":"closed","ping_status":"closed","template":"","meta":{"_kad_post_transparent":"","_kad_post_title":"","_kad_post_layout":"","_kad_post_sidebar_id":"","_kad_post_content_style":"","_kad_post_vertical_padding":"","_kad_post_feature":"","_kad_post_feature_position":"","_kad_post_header":false,"_kad_post_footer":false},"_links":{"self":[{"href":"https:\/\/gobiernoescolar.colegiolossamanes.edu.co\/index.php\/wp-json\/wp\/v2\/pages\/22"}],"collection":[{"href":"https:\/\/gobiernoescolar.colegiolossamanes.edu.co\/index.php\/wp-json\/wp\/v2\/pages"}],"about":[{"href":"https:\/\/gobiernoescolar.colegiolossamanes.edu.co\/index.php\/wp-json\/wp\/v2\/types\/page"}],"author":[{"embeddable":true,"href":"https:\/\/gobiernoescolar.colegiolossamanes.edu.co\/index.php\/wp-json\/wp\/v2\/users\/1"}],"replies":[{"embeddable":true,"href":"https:\/\/gobiernoescolar.colegiolossamanes.edu.co\/index.php\/wp-json\/wp\/v2\/comments?post=22"}],"version-history":[{"count":66,"href":"https:\/\/gobiernoescolar.colegiolossamanes.edu.co\/index.php\/wp-json\/wp\/v2\/pages\/22\/revisions"}],"predecessor-version":[{"id":631,"href":"https:\/\/gobiernoescolar.colegiolossamanes.edu.co\/index.php\/wp-json\/wp\/v2\/pages\/22\/revisions\/631"}],"wp:attachment":[{"href":"https:\/\/gobiernoescolar.colegiolossamanes.edu.co\/index.php\/wp-json\/wp\/v2\/media?parent=22"}],"curies":[{"name":"wp","href":"https:\/\/api.w.org\/{rel}","templated":true}]}}